{"id":4325,"date":"2026-01-07T19:16:28","date_gmt":"2026-01-07T18:16:28","guid":{"rendered":"https:\/\/campella.cz\/ausstattung-campella-lebox\/"},"modified":"2026-01-28T23:26:36","modified_gmt":"2026-01-28T22:26:36","slug":"ausstattung-campella-lebox","status":"publish","type":"page","link":"https:\/\/campella.cz\/de\/ausstattung-campella-lebox\/","title":{"rendered":"Ausstattung Campella LeBox"},"content":{"rendered":"\t\t<div data-elementor-type=\"wp-page\" data-elementor-id=\"4325\" class=\"elementor elementor-4325 elementor-3519\">\n\t\t\t\t\t\t<section class=\"elementor-section elementor-top-section elementor-element elementor-element-72a7e252 elementor-section-full_width elementor-section-stretched elementor-section-height-default elementor-section-height-default\" data-id=\"72a7e252\" data-element_type=\"section\" data-e-type=\"section\" data-settings=\"{&quot;stretch_section&quot;:&quot;section-stretched&quot;}\">\n\t\t\t\t\t\t<div class=\"elementor-container elementor-column-gap-no\">\n\t\t\t\t\t<div class=\"elementor-column elementor-col-100 elementor-top-column elementor-element elementor-element-54a48472\" data-id=\"54a48472\" data-element_type=\"column\" data-e-type=\"column\" data-settings=\"{&quot;background_background&quot;:&quot;classic&quot;}\">\n\t\t\t<div class=\"elementor-widget-wrap elementor-element-populated\">\n\t\t\t\t\t<div class=\"elementor-background-overlay\"><\/div>\n\t\t\t\t\t\t<section class=\"elementor-section elementor-inner-section elementor-element elementor-element-3f2d026 elementor-section-full_width elementor-section-height-min-height elementor-section-height-default\" data-id=\"3f2d026\" data-element_type=\"section\" data-e-type=\"section\" data-settings=\"{&quot;background_background&quot;:&quot;classic&quot;}\">\n\t\t\t\t\t\t\t<div class=\"elementor-background-overlay\"><\/div>\n\t\t\t\t\t\t\t<div class=\"elementor-container elementor-column-gap-default\">\n\t\t\t\t\t<div class=\"elementor-column elementor-col-100 elementor-inner-column elementor-element elementor-element-3e0a9601\" data-id=\"3e0a9601\" data-element_type=\"column\" data-e-type=\"column\">\n\t\t\t<div class=\"elementor-widget-wrap elementor-element-populated\">\n\t\t\t\t\t\t<div class=\"elementor-element elementor-element-6768c1cd elementor-widget elementor-widget-heading\" data-id=\"6768c1cd\" data-element_type=\"widget\" data-e-type=\"widget\" data-widget_type=\"heading.default\">\n\t\t\t\t\t<h1 class=\"elementor-heading-title elementor-size-default\">Ausstattung<\/h1>\t\t\t\t<\/div>\n\t\t\t\t\t<\/div>\n\t\t<\/div>\n\t\t\t\t\t<\/div>\n\t\t<\/section>\n\t\t\t\t\t<\/div>\n\t\t<\/div>\n\t\t\t\t\t<\/div>\n\t\t<\/section>\n\t\t\t\t<section class=\"elementor-section elementor-top-section elementor-element elementor-element-2c2e562d elementor-section-full_width elementor-section-stretched elementor-section-height-default elementor-section-height-default\" data-id=\"2c2e562d\" data-element_type=\"section\" data-e-type=\"section\" data-settings=\"{&quot;stretch_section&quot;:&quot;section-stretched&quot;}\">\n\t\t\t\t\t\t\t<div class=\"elementor-background-overlay\"><\/div>\n\t\t\t\t\t\t\t<div class=\"elementor-container elementor-column-gap-no\">\n\t\t\t\t\t<div class=\"elementor-column elementor-col-100 elementor-top-column elementor-element elementor-element-12163adc\" data-id=\"12163adc\" data-element_type=\"column\" data-e-type=\"column\" data-settings=\"{&quot;background_background&quot;:&quot;classic&quot;}\">\n\t\t\t<div class=\"elementor-widget-wrap elementor-element-populated\">\n\t\t\t\t\t\t<section class=\"elementor-section elementor-inner-section elementor-element elementor-element-3ea970da elementor-section-full_width elementor-section-height-min-height elementor-section-height-default\" data-id=\"3ea970da\" data-element_type=\"section\" data-e-type=\"section\" data-settings=\"{&quot;background_background&quot;:&quot;classic&quot;}\">\n\t\t\t\t\t\t\t<div class=\"elementor-background-overlay\"><\/div>\n\t\t\t\t\t\t\t<div class=\"elementor-container elementor-column-gap-no\">\n\t\t\t\t\t<div class=\"elementor-column elementor-col-50 elementor-inner-column elementor-element elementor-element-128f8088\" data-id=\"128f8088\" data-element_type=\"column\" data-e-type=\"column\" data-settings=\"{&quot;background_background&quot;:&quot;classic&quot;}\">\n\t\t\t<div class=\"elementor-widget-wrap elementor-element-populated\">\n\t\t\t\t\t\t<div class=\"elementor-element elementor-element-54857e7 elementor-widget elementor-widget-text-editor\" data-id=\"54857e7\" data-element_type=\"widget\" data-e-type=\"widget\" data-widget_type=\"text-editor.default\">\n\t\t\t\t\t\t\t\t\t<h2>Standard, den Sie in jeder Campella LeBox erhalten<\/h2>\t\t\t\t\t\t\t\t<\/div>\n\t\t\t\t\t<\/div>\n\t\t<\/div>\n\t\t\t\t<div class=\"elementor-column elementor-col-50 elementor-inner-column elementor-element elementor-element-28f1d8a4\" data-id=\"28f1d8a4\" data-element_type=\"column\" data-e-type=\"column\" data-settings=\"{&quot;background_background&quot;:&quot;classic&quot;}\">\n\t\t\t<div class=\"elementor-widget-wrap\">\n\t\t\t\t\t\t\t<\/div>\n\t\t<\/div>\n\t\t\t\t\t<\/div>\n\t\t<\/section>\n\t\t\t\t<section class=\"elementor-section elementor-inner-section elementor-element elementor-element-763a222 elementor-section-full_width elementor-section-height-min-height elementor-section-height-default\" data-id=\"763a222\" data-element_type=\"section\" data-e-type=\"section\" data-settings=\"{&quot;background_background&quot;:&quot;classic&quot;}\">\n\t\t\t\t\t\t\t<div class=\"elementor-background-overlay\"><\/div>\n\t\t\t\t\t\t\t<div class=\"elementor-container elementor-column-gap-no\">\n\t\t\t\t\t<div class=\"elementor-column elementor-col-25 elementor-inner-column elementor-element elementor-element-2497e9d7\" data-id=\"2497e9d7\" data-element_type=\"column\" data-e-type=\"column\" data-settings=\"{&quot;background_background&quot;:&quot;classic&quot;}\">\n\t\t\t<div class=\"elementor-widget-wrap elementor-element-populated\">\n\t\t\t\t\t\t<div class=\"elementor-element elementor-element-3035f65d elementor-widget elementor-widget-image\" data-id=\"3035f65d\" data-element_type=\"widget\" data-e-type=\"widget\" data-widget_type=\"image.default\">\n\t\t\t\t\t\t\t\t\t\t\t\t\t\t\t<img fetchpriority=\"high\" decoding=\"async\" width=\"800\" height=\"600\" src=\"https:\/\/campella.cz\/wp-content\/uploads\/2026\/01\/campella-lebox-sitka.jpg\" class=\"attachment-full size-full wp-image-4321\" alt=\"\" srcset=\"https:\/\/campella.cz\/wp-content\/uploads\/2026\/01\/campella-lebox-sitka.jpg 800w, https:\/\/campella.cz\/wp-content\/uploads\/2026\/01\/campella-lebox-sitka-300x225.jpg 300w, https:\/\/campella.cz\/wp-content\/uploads\/2026\/01\/campella-lebox-sitka-768x576.jpg 768w, https:\/\/campella.cz\/wp-content\/uploads\/2026\/01\/campella-lebox-sitka-100x75.jpg 100w, https:\/\/campella.cz\/wp-content\/uploads\/2026\/01\/campella-lebox-sitka-480x360.jpg 480w\" sizes=\"(max-width:767px) 480px, (max-width:800px) 100vw, 800px\" \/>\t\t\t\t\t\t\t\t\t\t\t\t\t\t\t<\/div>\n\t\t\t\t<div class=\"elementor-element elementor-element-3f7b05ed elementor-widget elementor-widget-text-editor\" data-id=\"3f7b05ed\" data-element_type=\"widget\" data-e-type=\"widget\" data-widget_type=\"text-editor.default\">\n\t\t\t\t\t\t\t\t\t<h3>Integriertes Moskitonetz in den Fenstern<\/h3>\n\nDas feine Netz ist direkt in die Fenster integriert und sch\u00fctzt Sie vor unerw\u00fcnschten Insekten. \t\t\t\t\t\t\t\t<\/div>\n\t\t\t\t\t<\/div>\n\t\t<\/div>\n\t\t\t\t<div class=\"elementor-column elementor-col-25 elementor-inner-column elementor-element elementor-element-ffb4e07\" data-id=\"ffb4e07\" data-element_type=\"column\" data-e-type=\"column\" data-settings=\"{&quot;background_background&quot;:&quot;classic&quot;}\">\n\t\t\t<div class=\"elementor-widget-wrap elementor-element-populated\">\n\t\t\t\t\t\t<div class=\"elementor-element elementor-element-7c66433f elementor-widget elementor-widget-image\" data-id=\"7c66433f\" data-element_type=\"widget\" data-e-type=\"widget\" data-widget_type=\"image.default\">\n\t\t\t\t\t\t\t\t\t\t\t\t\t\t\t<img decoding=\"async\" width=\"800\" height=\"600\" src=\"https:\/\/campella.cz\/wp-content\/uploads\/2026\/01\/campella-lebox-zaluzie.jpg\" class=\"attachment-full size-full wp-image-4322\" alt=\"\" srcset=\"https:\/\/campella.cz\/wp-content\/uploads\/2026\/01\/campella-lebox-zaluzie.jpg 800w, https:\/\/campella.cz\/wp-content\/uploads\/2026\/01\/campella-lebox-zaluzie-300x225.jpg 300w, https:\/\/campella.cz\/wp-content\/uploads\/2026\/01\/campella-lebox-zaluzie-768x576.jpg 768w, https:\/\/campella.cz\/wp-content\/uploads\/2026\/01\/campella-lebox-zaluzie-100x75.jpg 100w, https:\/\/campella.cz\/wp-content\/uploads\/2026\/01\/campella-lebox-zaluzie-480x360.jpg 480w\" sizes=\"(max-width:767px) 480px, (max-width:800px) 100vw, 800px\" \/>\t\t\t\t\t\t\t\t\t\t\t\t\t\t\t<\/div>\n\t\t\t\t<div class=\"elementor-element elementor-element-747a3cde elementor-widget elementor-widget-text-editor\" data-id=\"747a3cde\" data-element_type=\"widget\" data-e-type=\"widget\" data-widget_type=\"text-editor.default\">\n\t\t\t\t\t\t\t\t\t<h3>Integrierte Jalousien in den Fenstern<\/h3>\n\nFunktionelle Jalousien, die direkt in die Fenster des Wohnwagens integriert sind, erm\u00f6glichen die Regulierung von Licht und Privatsph\u00e4re.\t\t\t\t\t\t\t\t<\/div>\n\t\t\t\t\t<\/div>\n\t\t<\/div>\n\t\t\t\t<div class=\"elementor-column elementor-col-25 elementor-inner-column elementor-element elementor-element-713dbb8d\" data-id=\"713dbb8d\" data-element_type=\"column\" data-e-type=\"column\" data-settings=\"{&quot;background_background&quot;:&quot;classic&quot;}\">\n\t\t\t<div class=\"elementor-widget-wrap elementor-element-populated\">\n\t\t\t\t\t\t<div class=\"elementor-element elementor-element-71afaee elementor-widget elementor-widget-image\" data-id=\"71afaee\" data-element_type=\"widget\" data-e-type=\"widget\" data-widget_type=\"image.default\">\n\t\t\t\t\t\t\t\t\t\t\t\t\t\t\t<img decoding=\"async\" src=\"https:\/\/campella.cz\/wp-content\/uploads\/2025\/09\/wd-camper-light.png\" title=\"wd-camper-light.png\" alt=\"wd-camper-light.png\" loading=\"lazy\" \/>\t\t\t\t\t\t\t\t\t\t\t\t\t\t\t<\/div>\n\t\t\t\t<div class=\"elementor-element elementor-element-14ff1079 elementor-widget elementor-widget-text-editor\" data-id=\"14ff1079\" data-element_type=\"widget\" data-e-type=\"widget\" data-widget_type=\"text-editor.default\">\n\t\t\t\t\t\t\t\t\t<h3>LED-Leuchten<\/h3><p>Energiesparende LED-Leuchten sorgen f\u00fcr ausreichend Beleuchtung im Inneren des Wohnwagens.<\/p>\t\t\t\t\t\t\t\t<\/div>\n\t\t\t\t<div class=\"elementor-element elementor-element-559331de elementor-widget elementor-widget-text-editor\" data-id=\"559331de\" data-element_type=\"widget\" data-e-type=\"widget\" data-widget_type=\"text-editor.default\">\n\t\t\t\t\t\t\t\t\t<table><tbody><tr><td><strong>Lichtstrom:<\/strong><\/td><td>3.000 lm<\/td><\/tr><\/tbody><\/table>\t\t\t\t\t\t\t\t<\/div>\n\t\t\t\t\t<\/div>\n\t\t<\/div>\n\t\t\t\t<div class=\"elementor-column elementor-col-25 elementor-inner-column elementor-element elementor-element-544d32f8\" data-id=\"544d32f8\" data-element_type=\"column\" data-e-type=\"column\" data-settings=\"{&quot;background_background&quot;:&quot;classic&quot;}\">\n\t\t\t<div class=\"elementor-widget-wrap elementor-element-populated\">\n\t\t\t\t\t\t<div class=\"elementor-element elementor-element-4aa41011 elementor-widget elementor-widget-image\" data-id=\"4aa41011\" data-element_type=\"widget\" data-e-type=\"widget\" data-widget_type=\"image.default\">\n\t\t\t\t\t\t\t\t\t\t\t\t\t\t\t<img decoding=\"async\" width=\"800\" height=\"600\" src=\"https:\/\/campella.cz\/wp-content\/uploads\/2025\/09\/campella-venkovni-svetlo-1.jpg\" class=\"attachment-full size-full wp-image-2458\" alt=\"\" srcset=\"https:\/\/campella.cz\/wp-content\/uploads\/2025\/09\/campella-venkovni-svetlo-1.jpg 800w, https:\/\/campella.cz\/wp-content\/uploads\/2025\/09\/campella-venkovni-svetlo-1-300x225.jpg 300w, https:\/\/campella.cz\/wp-content\/uploads\/2025\/09\/campella-venkovni-svetlo-1-768x576.jpg 768w, https:\/\/campella.cz\/wp-content\/uploads\/2025\/09\/campella-venkovni-svetlo-1-100x75.jpg 100w, https:\/\/campella.cz\/wp-content\/uploads\/2025\/09\/campella-venkovni-svetlo-1-480x360.jpg 480w\" sizes=\"(max-width:767px) 480px, (max-width:800px) 100vw, 800px\" \/>\t\t\t\t\t\t\t\t\t\t\t\t\t\t\t<\/div>\n\t\t\t\t<div class=\"elementor-element elementor-element-12e9adfc elementor-widget elementor-widget-text-editor\" data-id=\"12e9adfc\" data-element_type=\"widget\" data-e-type=\"widget\" data-widget_type=\"text-editor.default\">\n\t\t\t\t\t\t\t\t\t<h3>Au\u00dfenbeleuchtung<\/h3>\nDie wasserdichte, energiesparende Beleuchtung direkt \u00fcber der Schlafzimmert\u00fcr beleuchtet den Eingang zum Wohnwagen und die n\u00e4here Umgebung in den Abendstunden.\t\t\t\t\t\t\t\t<\/div>\n\t\t\t\t\t<\/div>\n\t\t<\/div>\n\t\t\t\t\t<\/div>\n\t\t<\/section>\n\t\t\t\t<section class=\"elementor-section elementor-inner-section elementor-element elementor-element-7a210f9d elementor-section-full_width elementor-section-height-min-height elementor-section-height-default\" data-id=\"7a210f9d\" data-element_type=\"section\" data-e-type=\"section\" data-settings=\"{&quot;background_background&quot;:&quot;classic&quot;}\">\n\t\t\t\t\t\t\t<div class=\"elementor-background-overlay\"><\/div>\n\t\t\t\t\t\t\t<div class=\"elementor-container elementor-column-gap-no\">\n\t\t\t\t\t<div class=\"elementor-column elementor-col-25 elementor-inner-column elementor-element elementor-element-75c0423c\" data-id=\"75c0423c\" data-element_type=\"column\" data-e-type=\"column\" data-settings=\"{&quot;background_background&quot;:&quot;classic&quot;}\">\n\t\t\t<div class=\"elementor-widget-wrap elementor-element-populated\">\n\t\t\t\t\t\t<div class=\"elementor-element elementor-element-75cfafb6 elementor-widget elementor-widget-image\" data-id=\"75cfafb6\" data-element_type=\"widget\" data-e-type=\"widget\" data-widget_type=\"image.default\">\n\t\t\t\t\t\t\t\t\t\t\t\t\t\t\t<img decoding=\"async\" src=\"https:\/\/campella.cz\/wp-content\/uploads\/2025\/09\/mwardmfg-vyrovnavaci-nohy.jpg\" title=\"mwardmfg-vyrovnavaci-nohy.jpg\" alt=\"mwardmfg-vyrovnavaci-nohy.jpg\" loading=\"lazy\" \/>\t\t\t\t\t\t\t\t\t\t\t\t\t\t\t<\/div>\n\t\t\t\t<div class=\"elementor-element elementor-element-5e6bef46 elementor-widget elementor-widget-text-editor\" data-id=\"5e6bef46\" data-element_type=\"widget\" data-e-type=\"widget\" data-widget_type=\"text-editor.default\">\n\t\t\t\t\t\t\t\t\t<h3>Ausgleichsf\u00fc\u00dfe<\/h3>\nSorgen f\u00fcr Stabilit\u00e4t des Wohnwagens beim Stehen auf unebenem Untergrund. Dank des Auszugs bis zu 14 cm k\u00f6nnen Sie das Gel\u00e4nde leicht ausgleichen und eine feste Basis f\u00fcr eine ruhige \u00dcbernachtung oder Arbeit schaffen. \t\t\t\t\t\t\t\t<\/div>\n\t\t\t\t\t<\/div>\n\t\t<\/div>\n\t\t\t\t<div class=\"elementor-column elementor-col-25 elementor-inner-column elementor-element elementor-element-6e92aea2\" data-id=\"6e92aea2\" data-element_type=\"column\" data-e-type=\"column\" data-settings=\"{&quot;background_background&quot;:&quot;classic&quot;}\">\n\t\t\t<div class=\"elementor-widget-wrap elementor-element-populated\">\n\t\t\t\t\t\t<div class=\"elementor-element elementor-element-710ceb05 elementor-widget elementor-widget-image\" data-id=\"710ceb05\" data-element_type=\"widget\" data-e-type=\"widget\" data-widget_type=\"image.default\">\n\t\t\t\t\t\t\t\t\t\t\t\t\t\t\t<img decoding=\"async\" src=\"https:\/\/campella.cz\/wp-content\/uploads\/2026\/01\/plechove-disky-1.jpg\" title=\"blechove-disky\" alt=\"blechove-disky\" loading=\"lazy\" \/>\t\t\t\t\t\t\t\t\t\t\t\t\t\t\t<\/div>\n\t\t\t\t<div class=\"elementor-element elementor-element-5fb62b2f elementor-widget elementor-widget-text-editor\" data-id=\"5fb62b2f\" data-element_type=\"widget\" data-e-type=\"widget\" data-widget_type=\"text-editor.default\">\n\t\t\t\t\t\t\t\t\t<h3>Stahlfelgen mit Reifen<\/h3>\n13&#8243;-Felgen mit Lochkreis 4&#215;100 mit Ganzjahresreifen 165\/70.\t\t\t\t\t\t\t\t<\/div>\n\t\t\t\t\t<\/div>\n\t\t<\/div>\n\t\t\t\t<div class=\"elementor-column elementor-col-25 elementor-inner-column elementor-element elementor-element-2d14f5e0\" data-id=\"2d14f5e0\" data-element_type=\"column\" data-e-type=\"column\" data-settings=\"{&quot;background_background&quot;:&quot;classic&quot;}\">\n\t\t\t<div class=\"elementor-widget-wrap elementor-element-populated\">\n\t\t\t\t\t\t<div class=\"elementor-element elementor-element-bafc8b4 elementor-widget elementor-widget-image\" data-id=\"bafc8b4\" data-element_type=\"widget\" data-e-type=\"widget\" data-widget_type=\"image.default\">\n\t\t\t\t\t\t\t\t\t\t\t\t\t\t\t<img loading=\"lazy\" decoding=\"async\" width=\"800\" height=\"600\" src=\"https:\/\/campella.cz\/wp-content\/uploads\/2025\/09\/mwardmfg-kolecko.jpg\" class=\"attachment-full size-full wp-image-2463\" alt=\"\" srcset=\"https:\/\/campella.cz\/wp-content\/uploads\/2025\/09\/mwardmfg-kolecko.jpg 800w, https:\/\/campella.cz\/wp-content\/uploads\/2025\/09\/mwardmfg-kolecko-300x225.jpg 300w, https:\/\/campella.cz\/wp-content\/uploads\/2025\/09\/mwardmfg-kolecko-768x576.jpg 768w, https:\/\/campella.cz\/wp-content\/uploads\/2025\/09\/mwardmfg-kolecko-100x75.jpg 100w, https:\/\/campella.cz\/wp-content\/uploads\/2025\/09\/mwardmfg-kolecko-480x360.jpg 480w\" sizes=\"(max-width:767px) 480px, (max-width:800px) 100vw, 800px\" \/>\t\t\t\t\t\t\t\t\t\t\t\t\t\t\t<\/div>\n\t\t\t\t<div class=\"elementor-element elementor-element-79d5d491 elementor-widget elementor-widget-text-editor\" data-id=\"79d5d491\" data-element_type=\"widget\" data-e-type=\"widget\" data-widget_type=\"text-editor.default\">\n\t\t\t\t\t\t\t\t\t<h3>St\u00fctzrad<\/h3><p>Festes St\u00fctzrad f\u00fcr bequemes Ankuppeln an das Auto und einfache Handhabung.<\/p>\t\t\t\t\t\t\t\t<\/div>\n\t\t\t\t\t<\/div>\n\t\t<\/div>\n\t\t\t\t<div class=\"elementor-column elementor-col-25 elementor-inner-column elementor-element elementor-element-e630cfe\" data-id=\"e630cfe\" data-element_type=\"column\" data-e-type=\"column\" data-settings=\"{&quot;background_background&quot;:&quot;classic&quot;}\">\n\t\t\t<div class=\"elementor-widget-wrap elementor-element-populated\">\n\t\t\t\t\t\t<div class=\"elementor-element elementor-element-479e02ed elementor-widget elementor-widget-image\" data-id=\"479e02ed\" data-element_type=\"widget\" data-e-type=\"widget\" data-widget_type=\"image.default\">\n\t\t\t\t\t\t\t\t\t\t\t\t\t\t\t<img loading=\"lazy\" decoding=\"async\" width=\"800\" height=\"600\" src=\"https:\/\/campella.cz\/wp-content\/uploads\/2025\/09\/campella-manipulacni-asistent-1.jpg\" class=\"attachment-full size-full wp-image-2464\" alt=\"\" srcset=\"https:\/\/campella.cz\/wp-content\/uploads\/2025\/09\/campella-manipulacni-asistent-1.jpg 800w, https:\/\/campella.cz\/wp-content\/uploads\/2025\/09\/campella-manipulacni-asistent-1-300x225.jpg 300w, https:\/\/campella.cz\/wp-content\/uploads\/2025\/09\/campella-manipulacni-asistent-1-768x576.jpg 768w, https:\/\/campella.cz\/wp-content\/uploads\/2025\/09\/campella-manipulacni-asistent-1-100x75.jpg 100w, https:\/\/campella.cz\/wp-content\/uploads\/2025\/09\/campella-manipulacni-asistent-1-480x360.jpg 480w\" sizes=\"(max-width:767px) 480px, (max-width:800px) 100vw, 800px\" \/>\t\t\t\t\t\t\t\t\t\t\t\t\t\t\t<\/div>\n\t\t\t\t<div class=\"elementor-element elementor-element-2e4ea7f3 elementor-widget elementor-widget-text-editor\" data-id=\"2e4ea7f3\" data-element_type=\"widget\" data-e-type=\"widget\" data-widget_type=\"text-editor.default\">\n\t\t\t\t\t\t\t\t\t<h3>Rangierhilfe<\/h3><p>Erleichtert das Rangieren des Anh\u00e4ngers auf unebenem Untergrund und verhindert ein unbeabsichtigtes Losfahren. Nicht zur dauerhaften Sicherung gegen Bewegung bestimmt. <\/p>\t\t\t\t\t\t\t\t<\/div>\n\t\t\t\t\t<\/div>\n\t\t<\/div>\n\t\t\t\t\t<\/div>\n\t\t<\/section>\n\t\t\t\t<section class=\"elementor-section elementor-inner-section elementor-element elementor-element-1715da17 elementor-section-full_width elementor-section-height-min-height elementor-section-height-default\" data-id=\"1715da17\" data-element_type=\"section\" data-e-type=\"section\" data-settings=\"{&quot;background_background&quot;:&quot;classic&quot;}\">\n\t\t\t\t\t\t\t<div class=\"elementor-background-overlay\"><\/div>\n\t\t\t\t\t\t\t<div class=\"elementor-container elementor-column-gap-no\">\n\t\t\t\t\t<div class=\"elementor-column elementor-col-25 elementor-inner-column elementor-element elementor-element-94be9dd\" data-id=\"94be9dd\" data-element_type=\"column\" data-e-type=\"column\" data-settings=\"{&quot;background_background&quot;:&quot;classic&quot;}\">\n\t\t\t<div class=\"elementor-widget-wrap elementor-element-populated\">\n\t\t\t\t\t\t<div class=\"elementor-element elementor-element-09e876e elementor-widget elementor-widget-image\" data-id=\"09e876e\" data-element_type=\"widget\" data-e-type=\"widget\" data-widget_type=\"image.default\">\n\t\t\t\t\t\t\t\t\t\t\t\t\t\t\t<img decoding=\"async\" src=\"https:\/\/campella.cz\/wp-content\/uploads\/2026\/01\/kotvici-oka-1.jpg\" title=\"kotvici-oka\" alt=\"kotvici-oka\" loading=\"lazy\" \/>\t\t\t\t\t\t\t\t\t\t\t\t\t\t\t<\/div>\n\t\t\t\t<div class=\"elementor-element elementor-element-01f0ad3 elementor-widget elementor-widget-text-editor\" data-id=\"01f0ad3\" data-element_type=\"widget\" data-e-type=\"widget\" data-widget_type=\"text-editor.default\">\n\t\t\t\t\t\t\t\t\t<h3>Verzurr\u00f6sen<\/h3><p>4 Bodenverzurr\u00f6sen mit einer Festigkeit von bis zu 1.000 kg.<\/p>\t\t\t\t\t\t\t\t<\/div>\n\t\t\t\t\t<\/div>\n\t\t<\/div>\n\t\t\t\t<div class=\"elementor-column elementor-col-25 elementor-inner-column elementor-element elementor-element-16d771d\" data-id=\"16d771d\" data-element_type=\"column\" data-e-type=\"column\" data-settings=\"{&quot;background_background&quot;:&quot;classic&quot;}\">\n\t\t\t<div class=\"elementor-widget-wrap\">\n\t\t\t\t\t\t\t<\/div>\n\t\t<\/div>\n\t\t\t\t<div class=\"elementor-column elementor-col-25 elementor-inner-column elementor-element elementor-element-a703220\" data-id=\"a703220\" data-element_type=\"column\" data-e-type=\"column\" data-settings=\"{&quot;background_background&quot;:&quot;classic&quot;}\">\n\t\t\t<div class=\"elementor-widget-wrap\">\n\t\t\t\t\t\t\t<\/div>\n\t\t<\/div>\n\t\t\t\t<div class=\"elementor-column elementor-col-25 elementor-inner-column elementor-element elementor-element-8d8f2ff\" data-id=\"8d8f2ff\" data-element_type=\"column\" data-e-type=\"column\" data-settings=\"{&quot;background_background&quot;:&quot;classic&quot;}\">\n\t\t\t<div class=\"elementor-widget-wrap\">\n\t\t\t\t\t\t\t<\/div>\n\t\t<\/div>\n\t\t\t\t\t<\/div>\n\t\t<\/section>\n\t\t\t\t\t<\/div>\n\t\t<\/div>\n\t\t\t\t\t<\/div>\n\t\t<\/section>\n\t\t\t\t<\/div>\n\t\t","protected":false},"excerpt":{"rendered":"<p>Ausstattung Standard, den Sie in jeder Campella LeBox erhalten Integriertes Moskitonetz in den Fenstern Das feine Netz ist direkt in die Fenster integriert und sch\u00fctzt Sie<span class=\"excerpt-hellip\"> [\u2026]<\/span><\/p>\n","protected":false},"author":1,"featured_media":0,"parent":0,"menu_order":0,"comment_status":"closed","ping_status":"closed","template":"","meta":{"footnotes":""},"class_list":["post-4325","page","type-page","status-publish","hentry"],"_links":{"self":[{"href":"https:\/\/campella.cz\/de\/wp-json\/wp\/v2\/pages\/4325","targetHints":{"allow":["GET"]}}],"collection":[{"href":"https:\/\/campella.cz\/de\/wp-json\/wp\/v2\/pages"}],"about":[{"href":"https:\/\/campella.cz\/de\/wp-json\/wp\/v2\/types\/page"}],"author":[{"embeddable":true,"href":"https:\/\/campella.cz\/de\/wp-json\/wp\/v2\/users\/1"}],"replies":[{"embeddable":true,"href":"https:\/\/campella.cz\/de\/wp-json\/wp\/v2\/comments?post=4325"}],"version-history":[{"count":2,"href":"https:\/\/campella.cz\/de\/wp-json\/wp\/v2\/pages\/4325\/revisions"}],"predecessor-version":[{"id":4329,"href":"https:\/\/campella.cz\/de\/wp-json\/wp\/v2\/pages\/4325\/revisions\/4329"}],"wp:attachment":[{"href":"https:\/\/campella.cz\/de\/wp-json\/wp\/v2\/media?parent=4325"}],"curies":[{"name":"wp","href":"https:\/\/api.w.org\/{rel}","templated":true}]}}