{"id":2119,"date":"2025-07-28T09:45:16","date_gmt":"2025-07-28T07:45:16","guid":{"rendered":"https:\/\/campella.cz\/dsgvo\/"},"modified":"2026-01-28T23:43:10","modified_gmt":"2026-01-28T22:43:10","slug":"gdpr","status":"publish","type":"page","link":"https:\/\/campella.cz\/de\/gdpr\/","title":{"rendered":"GDPR"},"content":{"rendered":"\t\t<div data-elementor-type=\"wp-page\" data-elementor-id=\"2119\" class=\"elementor elementor-2119 elementor-47\">\n\t\t\t\t\t\t<section class=\"elementor-section elementor-top-section elementor-element elementor-element-34aa8623 elementor-section-full_width elementor-section-stretched elementor-section-height-default elementor-section-height-default\" data-id=\"34aa8623\" data-element_type=\"section\" data-e-type=\"section\" data-settings=\"{&quot;stretch_section&quot;:&quot;section-stretched&quot;}\">\n\t\t\t\t\t\t<div class=\"elementor-container elementor-column-gap-no\">\n\t\t\t\t\t<div class=\"elementor-column elementor-col-100 elementor-top-column elementor-element elementor-element-a29021d\" data-id=\"a29021d\" data-element_type=\"column\" data-e-type=\"column\" data-settings=\"{&quot;background_background&quot;:&quot;classic&quot;}\">\n\t\t\t<div class=\"elementor-widget-wrap elementor-element-populated\">\n\t\t\t\t\t<div class=\"elementor-background-overlay\"><\/div>\n\t\t\t\t\t\t<section class=\"elementor-section elementor-inner-section elementor-element elementor-element-6ec64c29 elementor-section-full_width elementor-section-height-default elementor-section-height-default\" data-id=\"6ec64c29\" data-element_type=\"section\" data-e-type=\"section\" data-settings=\"{&quot;background_background&quot;:&quot;classic&quot;}\">\n\t\t\t\t\t\t\t<div class=\"elementor-background-overlay\"><\/div>\n\t\t\t\t\t\t\t<div class=\"elementor-container elementor-column-gap-default\">\n\t\t\t\t\t<div class=\"elementor-column elementor-col-100 elementor-inner-column elementor-element elementor-element-3a93e624\" data-id=\"3a93e624\" data-element_type=\"column\" data-e-type=\"column\">\n\t\t\t<div class=\"elementor-widget-wrap elementor-element-populated\">\n\t\t\t\t\t\t<div class=\"elementor-element elementor-element-3169754d elementor-widget__width-initial elementor-widget elementor-widget-heading\" data-id=\"3169754d\" data-element_type=\"widget\" data-e-type=\"widget\" data-widget_type=\"heading.default\">\n\t\t\t\t\t<h2 class=\"elementor-heading-title elementor-size-default\">Erkl\u00e4rung zur Verarbeitung personenbezogener Daten<\/h2>\t\t\t\t<\/div>\n\t\t\t\t<div class=\"elementor-element elementor-element-c42a992 elementor-widget__width-initial elementor-widget elementor-widget-heading\" data-id=\"c42a992\" data-element_type=\"widget\" data-e-type=\"widget\" data-widget_type=\"heading.default\">\n\t\t\t\t\t<h3 class=\"elementor-heading-title elementor-size-default\">Erkl\u00e4rung zur Verarbeitung personenbezogener Daten gem\u00e4\u00df der Verordnung (EU) 2016\/679 des Europ\u00e4ischen Parlaments und des Rates zum Schutz nat\u00fcrlicher Personen bei der Verarbeitung personenbezogener Daten und zur Unterrichtung betroffener Personen (im Folgenden \u201eDSGVO\u201c genannt).<\/h3>\t\t\t\t<\/div>\n\t\t\t\t\t<\/div>\n\t\t<\/div>\n\t\t\t\t\t<\/div>\n\t\t<\/section>\n\t\t\t\t\t<\/div>\n\t\t<\/div>\n\t\t\t\t\t<\/div>\n\t\t<\/section>\n\t\t\t\t<section class=\"elementor-section elementor-top-section elementor-element elementor-element-1248f43f elementor-section-full_width elementor-section-stretched elementor-section-height-default elementor-section-height-default\" data-id=\"1248f43f\" data-element_type=\"section\" data-e-type=\"section\" data-settings=\"{&quot;stretch_section&quot;:&quot;section-stretched&quot;}\">\n\t\t\t\t\t\t\t<div class=\"elementor-background-overlay\"><\/div>\n\t\t\t\t\t\t\t<div class=\"elementor-container elementor-column-gap-no\">\n\t\t\t\t\t<div class=\"elementor-column elementor-col-100 elementor-top-column elementor-element elementor-element-4fcbfad5\" data-id=\"4fcbfad5\" data-element_type=\"column\" data-e-type=\"column\" data-settings=\"{&quot;background_background&quot;:&quot;classic&quot;}\">\n\t\t\t<div class=\"elementor-widget-wrap elementor-element-populated\">\n\t\t\t\t\t\t<section class=\"elementor-section elementor-inner-section elementor-element elementor-element-5f4a050 elementor-section-full_width elementor-section-height-min-height elementor-section-height-default\" data-id=\"5f4a050\" data-element_type=\"section\" data-e-type=\"section\" data-settings=\"{&quot;background_background&quot;:&quot;classic&quot;}\">\n\t\t\t\t\t\t\t<div class=\"elementor-background-overlay\"><\/div>\n\t\t\t\t\t\t\t<div class=\"elementor-container elementor-column-gap-no\">\n\t\t\t\t\t<div class=\"elementor-column elementor-col-50 elementor-inner-column elementor-element elementor-element-244e29f4\" data-id=\"244e29f4\" data-element_type=\"column\" data-e-type=\"column\" data-settings=\"{&quot;background_background&quot;:&quot;classic&quot;}\">\n\t\t\t<div class=\"elementor-widget-wrap elementor-element-populated\">\n\t\t\t\t\t\t<div class=\"elementor-element elementor-element-6a432306 elementor-widget elementor-widget-text-editor\" data-id=\"6a432306\" data-element_type=\"widget\" data-e-type=\"widget\" data-widget_type=\"text-editor.default\">\n\t\t\t\t\t\t\t\t\t<p><strong>I. Verantwortlicher der personenbezogenem Daten<\/strong><\/p><p><span style=\"letter-spacing: 0px;\">Die Gesellschaft M.Ward Manufacturing s.r.o., IdNr.: 26206561, mit eingetragenem Sitz: Korozluky 1, 434 01 Korozluky (im Folgenden als \u201eVerantwortlicher\u201c bezeichnet) informiert Sie hiermit \u00fcber die Verarbeitung Ihrer personenbezogenen Daten und Ihre Rechte gem\u00e4\u00df Artikel 12 der DSGVO.<\/span><\/p><p><strong style=\"letter-spacing: 0px;\">II. Umfang der Verarbeitung personenbezogener Daten<\/strong><\/p><p><span style=\"letter-spacing: 0px;\">Personenbezogene Daten werden in dem Umfang verarbeitet, in dem die betroffene Person sie dem Verantwortlichen im Zusammenhang mit dem Abschluss eines Vertrags oder eines anderen Rechtsverh\u00e4ltnisses mit dem Verantwortlichen zur Verf\u00fcgung gestellt hat oder die der Verantwortliche auf andere Weise im Einklang mit dem geltenden Recht oder zur Erf\u00fcllung seiner rechtlichen Verpflichtungen erhoben hat und verarbeitet.<\/span><\/p><p><strong style=\"letter-spacing: 0px;\">III. Quellen der personenbezogenen Daten<\/strong><\/p><p><span style=\"letter-spacing: 0px;\">Direkt von den betroffenen Personen (E-Mails, Telefon, Chat, Website, Web-Kontaktformular, soziale Netzwerke, Visitenkarten usw.). \u00d6ffentlich zug\u00e4ngliche Register, Listen und Aufzeichnungen (z. B. Handelsregister, Gewerberegister, Grundbuch, \u00f6ffentliches Telefonbuch usw.).<\/span><\/p><p><strong style=\"letter-spacing: 0px;\">IV. Kategorien personenbezogener Daten, die der Verarbeitung unterliegen<\/strong><\/p><p><span style=\"letter-spacing: 0px;\">Adress- und Identifizierungsdaten, die dazu dienen, die betroffene Person eindeutig und unverwechselbar zu identifizieren (z. B. Vorname, Nachname, Titel, Geburtsnummer, Geburtsdatum, Adresse des st\u00e4ndigen Wohnsitzes, IdNr., USt-IdNr.), sowie Daten, die eine Kontaktaufnahme mit der betroffenen Person erm\u00f6glichen (Kontaktdaten &#8211; z. B. Kontaktadresse, Telefonnummer, Faxnummer, E-Mail-Adresse und \u00e4hnliche Informationen). Deskriptive Daten (z. B. Bankdaten). Sonstige Daten, die f\u00fcr die Vertragserf\u00fcllung erforderlich sind. Daten, die \u00fcber die einschl\u00e4gigen Gesetze hinausgehen und im Rahmen der Zustimmung der betroffenen Person verarbeitet werden (Verarbeitung von Fotos, Verwendung personenbezogener Daten zum Zwecke der Personalverwaltung usw.).<\/span><\/p>\t\t\t\t\t\t\t\t<\/div>\n\t\t\t\t\t<\/div>\n\t\t<\/div>\n\t\t\t\t<div class=\"elementor-column elementor-col-50 elementor-inner-column elementor-element elementor-element-44325cac\" data-id=\"44325cac\" data-element_type=\"column\" data-e-type=\"column\" data-settings=\"{&quot;background_background&quot;:&quot;classic&quot;}\">\n\t\t\t<div class=\"elementor-widget-wrap elementor-element-populated\">\n\t\t\t\t\t\t<div class=\"elementor-element elementor-element-771b086 elementor-widget elementor-widget-text-editor\" data-id=\"771b086\" data-element_type=\"widget\" data-e-type=\"widget\" data-widget_type=\"text-editor.default\">\n\t\t\t\t\t\t\t\t\t<p><strong>V. Use of personal data<\/strong><\/p><p><span style=\"letter-spacing: 0px;\">The use of personal data is always in accordance with the reason for the assembly or other legal claims.<\/span><\/p><p><strong style=\"letter-spacing: 0px;\">VI. The processing time of personal data<\/strong><\/p><p><span style=\"letter-spacing: 0px;\">In accordance with the deadlines specified in the relevant contracts, the administrator\u2019s record and retention order, or the relevant legislation, it is the necessary time to ensure the rights and obligations flowing from both the obligation relationship and the applicable legal regulations.<\/span><\/p><p><strong style=\"letter-spacing: 0px;\">VII. Security of the personal data<\/strong><\/p><p><span style=\"letter-spacing: 0px;\">The administrator takes care of personal data protection. Personal information is protected against unauthorized use, access or disclosure.<\/span><\/p><p><strong style=\"letter-spacing: 0px;\">VIII. Changes to the statement of the principles of GDPR<\/strong><\/p><p><span style=\"letter-spacing: 0px;\">Controller reserves the right to update the statement. Each review will show the \u201clast update\u201d date.<\/span><\/p><p><strong style=\"letter-spacing: 0px;\">IX. Contact<\/strong><\/p><p><span style=\"letter-spacing: 0px;\">Inquiries about personal data protection are directed to the contacts listed below.<\/span><\/p><p><span style=\"letter-spacing: 0px;\">E-mail: gdpr@campella.cz<\/span><\/p>\t\t\t\t\t\t\t\t<\/div>\n\t\t\t\t\t<\/div>\n\t\t<\/div>\n\t\t\t\t\t<\/div>\n\t\t<\/section>\n\t\t\t\t\t<\/div>\n\t\t<\/div>\n\t\t\t\t\t<\/div>\n\t\t<\/section>\n\t\t\t\t<\/div>\n\t\t","protected":false},"excerpt":{"rendered":"<p>Erkl\u00e4rung zur Verarbeitung personenbezogener Daten Erkl\u00e4rung zur Verarbeitung personenbezogener Daten gem\u00e4\u00df der Verordnung (EU) 2016\/679 des Europ\u00e4ischen Parlaments und des Rates zum Schutz nat\u00fcrlicher Personen bei<span class=\"excerpt-hellip\"> [\u2026]<\/span><\/p>\n","protected":false},"author":1,"featured_media":0,"parent":0,"menu_order":0,"comment_status":"closed","ping_status":"closed","template":"","meta":{"footnotes":""},"class_list":["post-2119","page","type-page","status-publish","hentry"],"_links":{"self":[{"href":"https:\/\/campella.cz\/de\/wp-json\/wp\/v2\/pages\/2119","targetHints":{"allow":["GET"]}}],"collection":[{"href":"https:\/\/campella.cz\/de\/wp-json\/wp\/v2\/pages"}],"about":[{"href":"https:\/\/campella.cz\/de\/wp-json\/wp\/v2\/types\/page"}],"author":[{"embeddable":true,"href":"https:\/\/campella.cz\/de\/wp-json\/wp\/v2\/users\/1"}],"replies":[{"embeddable":true,"href":"https:\/\/campella.cz\/de\/wp-json\/wp\/v2\/comments?post=2119"}],"version-history":[{"count":8,"href":"https:\/\/campella.cz\/de\/wp-json\/wp\/v2\/pages\/2119\/revisions"}],"predecessor-version":[{"id":4413,"href":"https:\/\/campella.cz\/de\/wp-json\/wp\/v2\/pages\/2119\/revisions\/4413"}],"wp:attachment":[{"href":"https:\/\/campella.cz\/de\/wp-json\/wp\/v2\/media?parent=2119"}],"curies":[{"name":"wp","href":"https:\/\/api.w.org\/{rel}","templated":true}]}}